{"id":1810,"date":"2021-11-08T22:42:22","date_gmt":"2021-11-08T22:42:22","guid":{"rendered":"https:\/\/sante-prime.fr\/infusion\/"},"modified":"2023-11-09T09:28:13","modified_gmt":"2023-11-09T09:28:13","slug":"infusion","status":"publish","type":"page","link":"https:\/\/sante-prime.fr\/es\/infusion\/","title":{"rendered":"Infusi\u00f3n"},"content":{"rendered":"\t\t<div data-elementor-type=\"wp-page\" data-elementor-id=\"1810\" class=\"elementor elementor-1810 elementor-148\" data-elementor-post-type=\"page\">\n\t\t\t\t\t\t\t\t\t<section class=\"elementor-section elementor-top-section elementor-element elementor-element-9ab6560 elementor-section-content-middle elementor-section-boxed elementor-section-height-default elementor-section-height-default\" data-id=\"9ab6560\" data-element_type=\"section\">\n\t\t\t\t\t\t<div class=\"elementor-container elementor-column-gap-default\">\n\t\t\t\t\t<div class=\"elementor-column elementor-col-50 elementor-top-column elementor-element elementor-element-74831a5 elementor-invisible\" data-id=\"74831a5\" data-element_type=\"column\" data-settings=\"{&quot;animation&quot;:&quot;fadeInLeft&quot;}\">\n\t\t\t<div class=\"elementor-widget-wrap elementor-element-populated\">\n\t\t\t\t\t\t\t\t<div class=\"elementor-element elementor-element-94a3795 elementor-widget elementor-widget-image\" data-id=\"94a3795\" data-element_type=\"widget\" data-widget_type=\"image.default\">\n\t\t\t\t<div class=\"elementor-widget-container\">\n\t\t\t<style>\/*! elementor - v3.17.0 - 08-11-2023 *\/\n.elementor-widget-image{text-align:center}.elementor-widget-image a{display:inline-block}.elementor-widget-image a img[src$=\".svg\"]{width:48px}.elementor-widget-image img{vertical-align:middle;display:inline-block}<\/style>\t\t\t\t\t\t\t\t\t\t\t\t<img loading=\"lazy\" decoding=\"async\" width=\"504\" height=\"476\" src=\"https:\/\/sante-prime.fr\/wp-content\/uploads\/2021\/11\/Perfusionicone.png\" class=\"attachment-large size-large wp-image-1534\" alt=\"\" srcset=\"https:\/\/sante-prime.fr\/wp-content\/uploads\/2021\/11\/Perfusionicone.png 504w, https:\/\/sante-prime.fr\/wp-content\/uploads\/2021\/11\/Perfusionicone-300x283.png 300w\" sizes=\"auto, (max-width: 34.9rem) calc(100vw - 2rem), (max-width: 53rem) calc(8 * (100vw \/ 12)), (min-width: 53rem) calc(6 * (100vw \/ 12)), 100vw\" \/>\t\t\t\t\t\t\t\t\t\t\t\t\t\t\t<\/div>\n\t\t\t\t<\/div>\n\t\t\t\t\t<\/div>\n\t\t<\/div>\n\t\t\t\t<div class=\"elementor-column elementor-col-50 elementor-top-column elementor-element elementor-element-4cbdcb4\" data-id=\"4cbdcb4\" data-element_type=\"column\">\n\t\t\t<div class=\"elementor-widget-wrap elementor-element-populated\">\n\t\t\t\t\t\t\t\t<div class=\"elementor-element elementor-element-66289d9 elementor-invisible elementor-widget elementor-widget-heading\" data-id=\"66289d9\" data-element_type=\"widget\" data-settings=\"{&quot;_animation&quot;:&quot;fadeInDown&quot;}\" data-widget_type=\"heading.default\">\n\t\t\t\t<div class=\"elementor-widget-container\">\n\t\t\t<style>\/*! elementor - v3.17.0 - 08-11-2023 *\/\n.elementor-heading-title{padding:0;margin:0;line-height:1}.elementor-widget-heading .elementor-heading-title[class*=elementor-size-]>a{color:inherit;font-size:inherit;line-height:inherit}.elementor-widget-heading .elementor-heading-title.elementor-size-small{font-size:15px}.elementor-widget-heading .elementor-heading-title.elementor-size-medium{font-size:19px}.elementor-widget-heading .elementor-heading-title.elementor-size-large{font-size:29px}.elementor-widget-heading .elementor-heading-title.elementor-size-xl{font-size:39px}.elementor-widget-heading .elementor-heading-title.elementor-size-xxl{font-size:59px}<\/style><h3 class=\"elementor-heading-title elementor-size-default\">TRATAMIENTO DE INFUSI\u00d3N<\/h3>\t\t<\/div>\n\t\t\t\t<\/div>\n\t\t\t\t<div class=\"elementor-element elementor-element-fac6695 elementor-widget elementor-widget-text-editor\" data-id=\"fac6695\" data-element_type=\"widget\" data-widget_type=\"text-editor.default\">\n\t\t\t\t<div class=\"elementor-widget-container\">\n\t\t\t<style>\/*! elementor - v3.17.0 - 08-11-2023 *\/\n.elementor-widget-text-editor.elementor-drop-cap-view-stacked .elementor-drop-cap{background-color:#69727d;color:#fff}.elementor-widget-text-editor.elementor-drop-cap-view-framed .elementor-drop-cap{color:#69727d;border:3px solid;background-color:transparent}.elementor-widget-text-editor:not(.elementor-drop-cap-view-default) .elementor-drop-cap{margin-top:8px}.elementor-widget-text-editor:not(.elementor-drop-cap-view-default) .elementor-drop-cap-letter{width:1em;height:1em}.elementor-widget-text-editor .elementor-drop-cap{float:left;text-align:center;line-height:1;font-size:50px}.elementor-widget-text-editor .elementor-drop-cap-letter{display:inline-block}<\/style>\t\t\t\t<p>Para determinadas enfermedades que no pueden tratarse por v\u00eda oral, el tratamiento se administra mediante inyecci\u00f3n intravenosa perif\u00e9rica o central.<br \/>El tratamiento por infusi\u00f3n ayuda a mantener el equilibrio nutricional y a introducir terapias de flujo continuo, como antibi\u00f3ticos o quimioterapia.<br \/>Los principales m\u00e9todos de administraci\u00f3n para la terapia de infusi\u00f3n son los siguientes:<\/p>\n<ul>\n<li>Gravedad ;<\/li>\n<li>Por bomba de infusi\u00f3n ;<\/li>\n<li>Por difusor port\u00e1til ;<\/li>\n<li>Mediante bomba de jeringa.<\/li>\n<\/ul>\n\t\t\t\t\t\t<\/div>\n\t\t\t\t<\/div>\n\t\t\t\t\t<\/div>\n\t\t<\/div>\n\t\t\t\t\t\t\t<\/div>\n\t\t<\/section>\n\t\t\t\t<section class=\"elementor-section elementor-top-section elementor-element elementor-element-31ea830 elementor-section-content-middle elementor-section-boxed elementor-section-height-default elementor-section-height-default\" data-id=\"31ea830\" data-element_type=\"section\" data-settings=\"{&quot;background_background&quot;:&quot;classic&quot;}\">\n\t\t\t\t\t\t<div class=\"elementor-container elementor-column-gap-default\">\n\t\t\t\t\t<div class=\"elementor-column elementor-col-50 elementor-top-column elementor-element elementor-element-119a9e4\" data-id=\"119a9e4\" data-element_type=\"column\">\n\t\t\t<div class=\"elementor-widget-wrap elementor-element-populated\">\n\t\t\t\t\t\t\t\t<div class=\"elementor-element elementor-element-61851d6 elementor-invisible elementor-widget elementor-widget-heading\" data-id=\"61851d6\" data-element_type=\"widget\" data-settings=\"{&quot;_animation&quot;:&quot;fadeInLeft&quot;}\" data-widget_type=\"heading.default\">\n\t\t\t\t<div class=\"elementor-widget-container\">\n\t\t\t<h3 class=\"elementor-heading-title elementor-size-default\">LAS ENFERMEDADES EN CUESTI\u00d3N<\/h3>\t\t<\/div>\n\t\t\t\t<\/div>\n\t\t\t\t<div class=\"elementor-element elementor-element-5f04285 elementor-widget elementor-widget-text-editor\" data-id=\"5f04285\" data-element_type=\"widget\" data-widget_type=\"text-editor.default\">\n\t\t\t\t<div class=\"elementor-widget-container\">\n\t\t\t\t\t\t\t<p>Nuestro equipo interviene en cuanto se emite la receta m\u00e9dica, ya sea en la planta donde est\u00e1 hospitalizado el paciente o en el domicilio del paciente tras la consulta, para organizar y coordinar el servicio m\u00e9dico-t\u00e9cnico con el departamento de prescripci\u00f3n.<\/p>\n<p>Los servicios m\u00e9dico-t\u00e9cnicos prestados en el domicilio del paciente se refieren a la administraci\u00f3n de :<\/p>\n<ul>\n<li>terapia antibi\u00f3tica para enfermedades de larga duraci\u00f3n, cr\u00f3nicas o recurrentes;<\/li>\n<li>quimioterapia del c\u00e1ncer ;<\/li>\n<li>tratamiento antiviral y antif\u00fangico;<\/li>\n<li>tratamiento del dolor cuando no es posible el tratamiento oral;<\/li>\n<li>tratamiento vasodilatador y antiagregante ;<\/li>\n<li>medicamentos destinados al tratamiento de enfermedades cong\u00e9nitas o adquiridas de la sangre ;<\/li>\n<li>nutrici\u00f3n parenteral.<\/li>\n<\/ul>\n\t\t\t\t\t\t<\/div>\n\t\t\t\t<\/div>\n\t\t\t\t\t<\/div>\n\t\t<\/div>\n\t\t\t\t<div class=\"elementor-column elementor-col-50 elementor-top-column elementor-element elementor-element-f13a107 elementor-invisible\" data-id=\"f13a107\" data-element_type=\"column\" data-settings=\"{&quot;animation&quot;:&quot;fadeInLeft&quot;}\">\n\t\t\t<div class=\"elementor-widget-wrap elementor-element-populated\">\n\t\t\t\t\t\t\t\t<div class=\"elementor-element elementor-element-c75f540 elementor-widget elementor-widget-image\" data-id=\"c75f540\" data-element_type=\"widget\" data-widget_type=\"image.default\">\n\t\t\t\t<div class=\"elementor-widget-container\">\n\t\t\t\t\t\t\t\t\t\t\t\t\t\t\t<img loading=\"lazy\" decoding=\"async\" width=\"640\" height=\"427\" src=\"https:\/\/sante-prime.fr\/wp-content\/uploads\/2021\/11\/a-nurse-with-iv-drip-and-patient-in-bed-in-hospita-D6RBZ62-1024x683.jpg\" class=\"attachment-large size-large wp-image-1144\" alt=\"\" srcset=\"https:\/\/sante-prime.fr\/wp-content\/uploads\/2021\/11\/a-nurse-with-iv-drip-and-patient-in-bed-in-hospita-D6RBZ62-1024x683.jpg 1024w, https:\/\/sante-prime.fr\/wp-content\/uploads\/2021\/11\/a-nurse-with-iv-drip-and-patient-in-bed-in-hospita-D6RBZ62-300x200.jpg 300w, https:\/\/sante-prime.fr\/wp-content\/uploads\/2021\/11\/a-nurse-with-iv-drip-and-patient-in-bed-in-hospita-D6RBZ62-768x512.jpg 768w, https:\/\/sante-prime.fr\/wp-content\/uploads\/2021\/11\/a-nurse-with-iv-drip-and-patient-in-bed-in-hospita-D6RBZ62.jpg 1336w\" sizes=\"auto, (max-width: 34.9rem) calc(100vw - 2rem), (max-width: 53rem) calc(8 * (100vw \/ 12)), (min-width: 53rem) calc(6 * (100vw \/ 12)), 100vw\" \/>\t\t\t\t\t\t\t\t\t\t\t\t\t\t\t<\/div>\n\t\t\t\t<\/div>\n\t\t\t\t\t<\/div>\n\t\t<\/div>\n\t\t\t\t\t\t\t<\/div>\n\t\t<\/section>\n\t\t\t\t\t\t\t<\/div>\n\t\t","protected":false},"excerpt":{"rendered":"<p>TRATAMIENTO DE INFUSI\u00d3N Para determinadas enfermedades que no pueden tratarse por v\u00eda oral, el tratamiento se administra mediante inyecci\u00f3n intravenosa perif\u00e9rica o central.El tratamiento por infusi\u00f3n ayuda a mantener el equilibrio nutricional y a introducir terapias de flujo continuo, como antibi\u00f3ticos o quimioterapia.Los principales m\u00e9todos de administraci\u00f3n para la terapia de infusi\u00f3n son los siguientes: &hellip; <\/p>\n<p class=\"link-more\"><a href=\"https:\/\/sante-prime.fr\/es\/infusion\/\" class=\"more-link\">Seguir leyendo<span class=\"screen-reader-text\"> \u00abInfusi\u00f3n\u00bb<\/span><\/a><\/p>\n","protected":false},"author":1,"featured_media":0,"parent":0,"menu_order":0,"comment_status":"closed","ping_status":"closed","template":"elementor_header_footer","meta":{"footnotes":""},"class_list":["post-1810","page","type-page","status-publish","hentry","entry"],"_links":{"self":[{"href":"https:\/\/sante-prime.fr\/es\/wp-json\/wp\/v2\/pages\/1810","targetHints":{"allow":["GET"]}}],"collection":[{"href":"https:\/\/sante-prime.fr\/es\/wp-json\/wp\/v2\/pages"}],"about":[{"href":"https:\/\/sante-prime.fr\/es\/wp-json\/wp\/v2\/types\/page"}],"author":[{"embeddable":true,"href":"https:\/\/sante-prime.fr\/es\/wp-json\/wp\/v2\/users\/1"}],"replies":[{"embeddable":true,"href":"https:\/\/sante-prime.fr\/es\/wp-json\/wp\/v2\/comments?post=1810"}],"version-history":[{"count":1,"href":"https:\/\/sante-prime.fr\/es\/wp-json\/wp\/v2\/pages\/1810\/revisions"}],"predecessor-version":[{"id":1826,"href":"https:\/\/sante-prime.fr\/es\/wp-json\/wp\/v2\/pages\/1810\/revisions\/1826"}],"wp:attachment":[{"href":"https:\/\/sante-prime.fr\/es\/wp-json\/wp\/v2\/media?parent=1810"}],"curies":[{"name":"wp","href":"https:\/\/api.w.org\/{rel}","templated":true}]}}