{"id":1841,"date":"2021-11-08T22:42:35","date_gmt":"2021-11-08T22:42:35","guid":{"rendered":"https:\/\/sante-prime.fr\/nutricion\/"},"modified":"2023-11-09T09:28:15","modified_gmt":"2023-11-09T09:28:15","slug":"nutricion","status":"publish","type":"page","link":"https:\/\/sante-prime.fr\/es\/nutricion\/","title":{"rendered":"Nutrici\u00f3n"},"content":{"rendered":"\t\t<div data-elementor-type=\"wp-page\" data-elementor-id=\"1841\" class=\"elementor elementor-1841 elementor-150\" data-elementor-post-type=\"page\">\n\t\t\t\t\t\t\t\t\t<section class=\"elementor-section elementor-top-section elementor-element elementor-element-faf9ad0 elementor-section-content-middle elementor-section-boxed elementor-section-height-default elementor-section-height-default\" data-id=\"faf9ad0\" data-element_type=\"section\">\n\t\t\t\t\t\t<div class=\"elementor-container elementor-column-gap-default\">\n\t\t\t\t\t<div class=\"elementor-column elementor-col-50 elementor-top-column elementor-element elementor-element-a808b15 elementor-invisible\" data-id=\"a808b15\" data-element_type=\"column\" data-settings=\"{&quot;animation&quot;:&quot;fadeInLeft&quot;}\">\n\t\t\t<div class=\"elementor-widget-wrap elementor-element-populated\">\n\t\t\t\t\t\t\t\t<div class=\"elementor-element elementor-element-98170f9 elementor-widget elementor-widget-image\" data-id=\"98170f9\" data-element_type=\"widget\" data-widget_type=\"image.default\">\n\t\t\t\t<div class=\"elementor-widget-container\">\n\t\t\t<style>\/*! elementor - v3.17.0 - 08-11-2023 *\/\n.elementor-widget-image{text-align:center}.elementor-widget-image a{display:inline-block}.elementor-widget-image a img[src$=\".svg\"]{width:48px}.elementor-widget-image img{vertical-align:middle;display:inline-block}<\/style>\t\t\t\t\t\t\t\t\t\t\t\t<img loading=\"lazy\" decoding=\"async\" width=\"524\" height=\"490\" src=\"https:\/\/sante-prime.fr\/wp-content\/uploads\/2021\/11\/Nutritionicone.png\" class=\"attachment-large size-large wp-image-1546\" alt=\"\" srcset=\"https:\/\/sante-prime.fr\/wp-content\/uploads\/2021\/11\/Nutritionicone.png 524w, https:\/\/sante-prime.fr\/wp-content\/uploads\/2021\/11\/Nutritionicone-300x281.png 300w\" sizes=\"auto, (max-width: 34.9rem) calc(100vw - 2rem), (max-width: 53rem) calc(8 * (100vw \/ 12)), (min-width: 53rem) calc(6 * (100vw \/ 12)), 100vw\" \/>\t\t\t\t\t\t\t\t\t\t\t\t\t\t\t<\/div>\n\t\t\t\t<\/div>\n\t\t\t\t\t<\/div>\n\t\t<\/div>\n\t\t\t\t<div class=\"elementor-column elementor-col-50 elementor-top-column elementor-element elementor-element-a2cab12\" data-id=\"a2cab12\" data-element_type=\"column\">\n\t\t\t<div class=\"elementor-widget-wrap elementor-element-populated\">\n\t\t\t\t\t\t\t\t<div class=\"elementor-element elementor-element-ba5fe50 elementor-invisible elementor-widget elementor-widget-heading\" data-id=\"ba5fe50\" data-element_type=\"widget\" data-settings=\"{&quot;_animation&quot;:&quot;fadeInDown&quot;}\" data-widget_type=\"heading.default\">\n\t\t\t\t<div class=\"elementor-widget-container\">\n\t\t\t<style>\/*! elementor - v3.17.0 - 08-11-2023 *\/\n.elementor-heading-title{padding:0;margin:0;line-height:1}.elementor-widget-heading .elementor-heading-title[class*=elementor-size-]>a{color:inherit;font-size:inherit;line-height:inherit}.elementor-widget-heading .elementor-heading-title.elementor-size-small{font-size:15px}.elementor-widget-heading .elementor-heading-title.elementor-size-medium{font-size:19px}.elementor-widget-heading .elementor-heading-title.elementor-size-large{font-size:29px}.elementor-widget-heading .elementor-heading-title.elementor-size-xl{font-size:39px}.elementor-widget-heading .elementor-heading-title.elementor-size-xxl{font-size:59px}<\/style><h3 class=\"elementor-heading-title elementor-size-default\">\u00bfQU\u00c9 ES LA NUTRICI\u00d3N ARTIFICIAL?<\/h3>\t\t<\/div>\n\t\t\t\t<\/div>\n\t\t\t\t<div class=\"elementor-element elementor-element-e698a5f elementor-widget elementor-widget-text-editor\" data-id=\"e698a5f\" data-element_type=\"widget\" data-widget_type=\"text-editor.default\">\n\t\t\t\t<div class=\"elementor-widget-container\">\n\t\t\t<style>\/*! elementor - v3.17.0 - 08-11-2023 *\/\n.elementor-widget-text-editor.elementor-drop-cap-view-stacked .elementor-drop-cap{background-color:#69727d;color:#fff}.elementor-widget-text-editor.elementor-drop-cap-view-framed .elementor-drop-cap{color:#69727d;border:3px solid;background-color:transparent}.elementor-widget-text-editor:not(.elementor-drop-cap-view-default) .elementor-drop-cap{margin-top:8px}.elementor-widget-text-editor:not(.elementor-drop-cap-view-default) .elementor-drop-cap-letter{width:1em;height:1em}.elementor-widget-text-editor .elementor-drop-cap{float:left;text-align:center;line-height:1;font-size:50px}.elementor-widget-text-editor .elementor-drop-cap-letter{display:inline-block}<\/style>\t\t\t\t<p>Cuando el sistema digestivo es incapaz de absorber los nutrientes esenciales, se puede proporcionar una nutrici\u00f3n personalizada y adaptada.<br \/>Existen tres tipos de nutrici\u00f3n:<\/p>\n<ul>\n<li>suplementos orales<\/li>\n<li>nutrici\u00f3n enteral<\/li>\n<li>nutrici\u00f3n parenteral<\/li>\n<\/ul>\n<p>La suplementaci\u00f3n oral se administra por la boca, a diferencia de la nutrici\u00f3n enteral y parenteral, cuyas v\u00edas de administraci\u00f3n son diferentes.<\/p>\n\t\t\t\t\t\t<\/div>\n\t\t\t\t<\/div>\n\t\t\t\t\t<\/div>\n\t\t<\/div>\n\t\t\t\t\t\t\t<\/div>\n\t\t<\/section>\n\t\t\t\t<section class=\"elementor-section elementor-top-section elementor-element elementor-element-869d726 elementor-section-boxed elementor-section-height-default elementor-section-height-default elementor-invisible\" data-id=\"869d726\" data-element_type=\"section\" data-settings=\"{&quot;background_background&quot;:&quot;classic&quot;,&quot;animation&quot;:&quot;fadeInDown&quot;}\">\n\t\t\t\t\t\t<div class=\"elementor-container elementor-column-gap-default\">\n\t\t\t\t\t<div class=\"elementor-column elementor-col-100 elementor-top-column elementor-element elementor-element-4909311\" data-id=\"4909311\" data-element_type=\"column\">\n\t\t\t<div class=\"elementor-widget-wrap elementor-element-populated\">\n\t\t\t\t\t\t\t\t<div class=\"elementor-element elementor-element-6cbebe1 elementor-invisible elementor-widget elementor-widget-heading\" data-id=\"6cbebe1\" data-element_type=\"widget\" data-settings=\"{&quot;_animation&quot;:&quot;fadeInDown&quot;}\" data-widget_type=\"heading.default\">\n\t\t\t\t<div class=\"elementor-widget-container\">\n\t\t\t<h3 class=\"elementor-heading-title elementor-size-default\">SUPLEMENTOS ORALES<\/h3>\t\t<\/div>\n\t\t\t\t<\/div>\n\t\t\t\t<div class=\"elementor-element elementor-element-79ffd6b elementor-widget elementor-widget-text-editor\" data-id=\"79ffd6b\" data-element_type=\"widget\" data-widget_type=\"text-editor.default\">\n\t\t\t\t<div class=\"elementor-widget-container\">\n\t\t\t\t\t\t\t<h3>\u00bfCu\u00e1ndo se prescribe la suplementaci\u00f3n oral?<\/h3>\n<p>Los suplementos orales se prescriben cuando una persona ya no puede alimentarse correctamente o cuando su dieta normal es insuficiente para cubrir sus necesidades energ\u00e9ticas. Es la primera etapa de la renutrici\u00f3n.<\/p>\n<h3>El tratamiento<\/h3>\n<p>Los complementos orales son productos alimenticios que se toman como complemento de la dieta, no como sustituto, y cuya composici\u00f3n se adapta a las necesidades espec\u00edficas del paciente.<br \/>Por lo tanto, los suplementos tienen caracter\u00edsticas diferentes:<\/p>\n<ul>\n<li>Enriquecido con calor\u00edas, prote\u00ednas, vitaminas y\/o minerales;<\/li>\n<li>Diferentes texturas ;<\/li>\n<li>Gustos variados.<\/li>\n<\/ul>\n<h3>La receta<\/h3>\n<p>Los suplementos orales son prescritos por un m\u00e9dico cuando el tracto digestivo es funcional y el paciente tiene suficiente capacidad para tragar.<\/p>\n\t\t\t\t\t\t<\/div>\n\t\t\t\t<\/div>\n\t\t\t\t\t<\/div>\n\t\t<\/div>\n\t\t\t\t\t\t\t<\/div>\n\t\t<\/section>\n\t\t\t\t<section class=\"elementor-section elementor-top-section elementor-element elementor-element-dc05943 elementor-section-content-middle elementor-section-boxed elementor-section-height-default elementor-section-height-default\" data-id=\"dc05943\" data-element_type=\"section\">\n\t\t\t\t\t\t<div class=\"elementor-container elementor-column-gap-default\">\n\t\t\t\t\t<div class=\"elementor-column elementor-col-50 elementor-top-column elementor-element elementor-element-5d656cc\" data-id=\"5d656cc\" data-element_type=\"column\">\n\t\t\t<div class=\"elementor-widget-wrap elementor-element-populated\">\n\t\t\t\t\t\t\t\t<div class=\"elementor-element elementor-element-47352e4 elementor-invisible elementor-widget elementor-widget-heading\" data-id=\"47352e4\" data-element_type=\"widget\" data-settings=\"{&quot;_animation&quot;:&quot;fadeInDown&quot;}\" data-widget_type=\"heading.default\">\n\t\t\t\t<div class=\"elementor-widget-container\">\n\t\t\t<h3 class=\"elementor-heading-title elementor-size-default\">NUTRICI\u00d3N ENTERAL<\/h3>\t\t<\/div>\n\t\t\t\t<\/div>\n\t\t\t\t<div class=\"elementor-element elementor-element-9babaf0 elementor-widget elementor-widget-text-editor\" data-id=\"9babaf0\" data-element_type=\"widget\" data-widget_type=\"text-editor.default\">\n\t\t\t\t<div class=\"elementor-widget-container\">\n\t\t\t\t\t\t\t<h3>\u00bfCu\u00e1ndo se prescribe la nutrici\u00f3n enteral?<\/h3>\n<p>Cuando la alimentaci\u00f3n oral es dif\u00edcil o imposible, o cuando la ingesta nutricional es inadecuada, se recomienda la alimentaci\u00f3n enteral. Ayudar\u00e1 a mantener la actividad digestiva y a combatir la desnutrici\u00f3n y la deshidrataci\u00f3n. Esta t\u00e9cnica de nutrici\u00f3n artificial utiliza una sonda conectada al est\u00f3mago o al intestino. Ayuda a preservar la actividad digestiva.<\/p>\n<h3>El tratamiento<\/h3>\n<p>En funci\u00f3n de la patolog\u00eda y de la duraci\u00f3n estimada del tratamiento, la nutrici\u00f3n enteral puede administrarse por :<\/p>\n<ul>\n<li>Sonda nasog\u00e1strica: la sonda pasa por la nariz hasta el est\u00f3mago.<\/li>\n<li>La sonda nasoyeyunal: la sonda pasa por la nariz hasta el intestino, en el yeyuno.<\/li>\n<li>Gastrostom\u00eda: la sonda se introduce a trav\u00e9s de la pared abdominal, directamente en el est\u00f3mago.<\/li>\n<li>Yeyunostom\u00eda: la sonda se introduce a trav\u00e9s de la pared abdominal, directamente en el intestino.<\/li>\n<\/ul>\n\t\t\t\t\t\t<\/div>\n\t\t\t\t<\/div>\n\t\t\t\t\t<\/div>\n\t\t<\/div>\n\t\t\t\t<div class=\"elementor-column elementor-col-50 elementor-top-column elementor-element elementor-element-2c1e7dc elementor-invisible\" data-id=\"2c1e7dc\" data-element_type=\"column\" data-settings=\"{&quot;animation&quot;:&quot;fadeInLeft&quot;,&quot;background_background&quot;:&quot;classic&quot;}\">\n\t\t\t<div class=\"elementor-widget-wrap elementor-element-populated\">\n\t\t\t\t\t\t\t\t<div class=\"elementor-element elementor-element-71c3806 elementor-hidden-desktop elementor-hidden-tablet elementor-widget elementor-widget-image\" data-id=\"71c3806\" data-element_type=\"widget\" data-widget_type=\"image.default\">\n\t\t\t\t<div class=\"elementor-widget-container\">\n\t\t\t\t\t\t\t\t\t\t\t\t\t\t\t<img loading=\"lazy\" decoding=\"async\" width=\"640\" height=\"427\" src=\"https:\/\/sante-prime.fr\/wp-content\/uploads\/2021\/11\/senior-doctor-working-at-the-office-desk-PJJP4UV-1024x683.jpg\" class=\"attachment-large size-large wp-image-1426\" alt=\"\" srcset=\"https:\/\/sante-prime.fr\/wp-content\/uploads\/2021\/11\/senior-doctor-working-at-the-office-desk-PJJP4UV-1024x683.jpg 1024w, https:\/\/sante-prime.fr\/wp-content\/uploads\/2021\/11\/senior-doctor-working-at-the-office-desk-PJJP4UV-300x200.jpg 300w, https:\/\/sante-prime.fr\/wp-content\/uploads\/2021\/11\/senior-doctor-working-at-the-office-desk-PJJP4UV-768x512.jpg 768w, https:\/\/sante-prime.fr\/wp-content\/uploads\/2021\/11\/senior-doctor-working-at-the-office-desk-PJJP4UV-1536x1024.jpg 1536w, https:\/\/sante-prime.fr\/wp-content\/uploads\/2021\/11\/senior-doctor-working-at-the-office-desk-PJJP4UV-1568x1045.jpg 1568w, https:\/\/sante-prime.fr\/wp-content\/uploads\/2021\/11\/senior-doctor-working-at-the-office-desk-PJJP4UV.jpg 1920w\" sizes=\"auto, (max-width: 34.9rem) calc(100vw - 2rem), (max-width: 53rem) calc(8 * (100vw \/ 12)), (min-width: 53rem) calc(6 * (100vw \/ 12)), 100vw\" \/>\t\t\t\t\t\t\t\t\t\t\t\t\t\t\t<\/div>\n\t\t\t\t<\/div>\n\t\t\t\t\t<\/div>\n\t\t<\/div>\n\t\t\t\t\t\t\t<\/div>\n\t\t<\/section>\n\t\t\t\t<section class=\"elementor-section elementor-top-section elementor-element elementor-element-b13833b elementor-reverse-mobile elementor-section-boxed elementor-section-height-default elementor-section-height-default elementor-invisible\" data-id=\"b13833b\" data-element_type=\"section\" data-settings=\"{&quot;background_background&quot;:&quot;classic&quot;,&quot;animation&quot;:&quot;fadeInDown&quot;}\">\n\t\t\t\t\t\t<div class=\"elementor-container elementor-column-gap-default\">\n\t\t\t\t\t<div class=\"elementor-column elementor-col-50 elementor-top-column elementor-element elementor-element-0361287 elementor-invisible\" data-id=\"0361287\" data-element_type=\"column\" data-settings=\"{&quot;animation&quot;:&quot;fadeInLeft&quot;,&quot;background_background&quot;:&quot;classic&quot;}\">\n\t\t\t<div class=\"elementor-widget-wrap elementor-element-populated\">\n\t\t\t\t\t\t\t\t<div class=\"elementor-element elementor-element-db26d88 elementor-hidden-desktop elementor-hidden-tablet elementor-widget elementor-widget-image\" data-id=\"db26d88\" data-element_type=\"widget\" data-widget_type=\"image.default\">\n\t\t\t\t<div class=\"elementor-widget-container\">\n\t\t\t\t\t\t\t\t\t\t\t\t\t\t\t<img loading=\"lazy\" decoding=\"async\" width=\"640\" height=\"427\" src=\"https:\/\/sante-prime.fr\/wp-content\/uploads\/2021\/11\/senior-doctor-working-at-the-office-desk-PJJP4UV-1024x683.jpg\" class=\"attachment-large size-large wp-image-1426\" alt=\"\" srcset=\"https:\/\/sante-prime.fr\/wp-content\/uploads\/2021\/11\/senior-doctor-working-at-the-office-desk-PJJP4UV-1024x683.jpg 1024w, https:\/\/sante-prime.fr\/wp-content\/uploads\/2021\/11\/senior-doctor-working-at-the-office-desk-PJJP4UV-300x200.jpg 300w, https:\/\/sante-prime.fr\/wp-content\/uploads\/2021\/11\/senior-doctor-working-at-the-office-desk-PJJP4UV-768x512.jpg 768w, https:\/\/sante-prime.fr\/wp-content\/uploads\/2021\/11\/senior-doctor-working-at-the-office-desk-PJJP4UV-1536x1024.jpg 1536w, https:\/\/sante-prime.fr\/wp-content\/uploads\/2021\/11\/senior-doctor-working-at-the-office-desk-PJJP4UV-1568x1045.jpg 1568w, https:\/\/sante-prime.fr\/wp-content\/uploads\/2021\/11\/senior-doctor-working-at-the-office-desk-PJJP4UV.jpg 1920w\" sizes=\"auto, (max-width: 34.9rem) calc(100vw - 2rem), (max-width: 53rem) calc(8 * (100vw \/ 12)), (min-width: 53rem) calc(6 * (100vw \/ 12)), 100vw\" \/>\t\t\t\t\t\t\t\t\t\t\t\t\t\t\t<\/div>\n\t\t\t\t<\/div>\n\t\t\t\t\t<\/div>\n\t\t<\/div>\n\t\t\t\t<div class=\"elementor-column elementor-col-50 elementor-top-column elementor-element elementor-element-7896ff4\" data-id=\"7896ff4\" data-element_type=\"column\">\n\t\t\t<div class=\"elementor-widget-wrap elementor-element-populated\">\n\t\t\t\t\t\t\t\t<div class=\"elementor-element elementor-element-ba8114e elementor-invisible elementor-widget elementor-widget-heading\" data-id=\"ba8114e\" data-element_type=\"widget\" data-settings=\"{&quot;_animation&quot;:&quot;fadeInDown&quot;}\" data-widget_type=\"heading.default\">\n\t\t\t\t<div class=\"elementor-widget-container\">\n\t\t\t<h3 class=\"elementor-heading-title elementor-size-default\">NUTRICI\u00d3N PARENTERAL<\/h3>\t\t<\/div>\n\t\t\t\t<\/div>\n\t\t\t\t<div class=\"elementor-element elementor-element-f2d3006 elementor-widget elementor-widget-text-editor\" data-id=\"f2d3006\" data-element_type=\"widget\" data-widget_type=\"text-editor.default\">\n\t\t\t\t<div class=\"elementor-widget-container\">\n\t\t\t\t\t\t\t<h3>\u00bfCu\u00e1ndo se prescribe la nutrici\u00f3n parenteral?<\/h3>\n<p>Cuando no es posible la suplementaci\u00f3n oral ni la nutrici\u00f3n enteral, puede considerarse la nutrici\u00f3n parenteral.<br \/>Esta nutrici\u00f3n consiste en administrar una mezcla completa de nutrientes por v\u00eda intravenosa central, para combatir la desnutrici\u00f3n y la deshidrataci\u00f3n.<br \/>Para beneficiarse de la nutrici\u00f3n parenteral domiciliaria, \u00e9sta debe durar al menos 14 d\u00edas.<\/p>\n<p>Este tipo de alimentaci\u00f3n suele estar indicada:<\/p>\n<ul>\n<li>En caso de insuficiencia intestinal<\/li>\n<li>Cuando la alimentaci\u00f3n oral o enteral se complica<\/li>\n<li>Cuando el tubo digestivo pierde eficacia o no funciona<\/li>\n<li>En caso de intolerancia alimentaria<\/li>\n<\/ul>\n<h3>El tratamiento<\/h3>\n<p>En funci\u00f3n del perfil del paciente, el m\u00e9dico prescriptor elige el modo de administraci\u00f3n m\u00e1s adecuado para recibir los tratamientos farmacol\u00f3gicos.<\/p>\n<p>Existen diferentes m\u00e9todos de administraci\u00f3n:<\/p>\n<ul>\n<li>C\u00e1mara implantable: dispositivo que se coloca bajo la piel y se conecta a una v\u00eda venosa central.<\/li>\n<li>Cat\u00e9ter central: dispositivo externo conectado a una vena grande<\/li>\n<li>Picc-Line: dispositivo externo que se inserta en una vena perif\u00e9rica, normalmente en el brazo.<\/li>\n<\/ul>\n<p>La nutrici\u00f3n parenteral puede ser :<\/p>\n<ul>\n<li>Exclusivo, cubre todas sus necesidades<\/li>\n<li>Complemento de la nutrici\u00f3n oral y\/o enteral<\/li>\n<li>Temporal<\/li>\n<li>Final<\/li>\n<\/ul>\n\t\t\t\t\t\t<\/div>\n\t\t\t\t<\/div>\n\t\t\t\t\t<\/div>\n\t\t<\/div>\n\t\t\t\t\t\t\t<\/div>\n\t\t<\/section>\n\t\t\t\t\t\t\t<\/div>\n\t\t","protected":false},"excerpt":{"rendered":"<p>\u00bfQU\u00c9 ES LA NUTRICI\u00d3N ARTIFICIAL? Cuando el sistema digestivo es incapaz de absorber los nutrientes esenciales, se puede proporcionar una nutrici\u00f3n personalizada y adaptada.Existen tres tipos de nutrici\u00f3n: suplementos orales nutrici\u00f3n enteral nutrici\u00f3n parenteral La suplementaci\u00f3n oral se administra por la boca, a diferencia de la nutrici\u00f3n enteral y parenteral, cuyas v\u00edas de administraci\u00f3n son &hellip; <\/p>\n<p class=\"link-more\"><a href=\"https:\/\/sante-prime.fr\/es\/nutricion\/\" class=\"more-link\">Seguir leyendo<span class=\"screen-reader-text\"> \u00abNutrici\u00f3n\u00bb<\/span><\/a><\/p>\n","protected":false},"author":1,"featured_media":0,"parent":0,"menu_order":0,"comment_status":"closed","ping_status":"closed","template":"elementor_header_footer","meta":{"footnotes":""},"class_list":["post-1841","page","type-page","status-publish","hentry","entry"],"_links":{"self":[{"href":"https:\/\/sante-prime.fr\/es\/wp-json\/wp\/v2\/pages\/1841","targetHints":{"allow":["GET"]}}],"collection":[{"href":"https:\/\/sante-prime.fr\/es\/wp-json\/wp\/v2\/pages"}],"about":[{"href":"https:\/\/sante-prime.fr\/es\/wp-json\/wp\/v2\/types\/page"}],"author":[{"embeddable":true,"href":"https:\/\/sante-prime.fr\/es\/wp-json\/wp\/v2\/users\/1"}],"replies":[{"embeddable":true,"href":"https:\/\/sante-prime.fr\/es\/wp-json\/wp\/v2\/comments?post=1841"}],"version-history":[{"count":1,"href":"https:\/\/sante-prime.fr\/es\/wp-json\/wp\/v2\/pages\/1841\/revisions"}],"predecessor-version":[{"id":1854,"href":"https:\/\/sante-prime.fr\/es\/wp-json\/wp\/v2\/pages\/1841\/revisions\/1854"}],"wp:attachment":[{"href":"https:\/\/sante-prime.fr\/es\/wp-json\/wp\/v2\/media?parent=1841"}],"curies":[{"name":"wp","href":"https:\/\/api.w.org\/{rel}","templated":true}]}}