{"id":1859,"date":"2021-11-08T22:42:35","date_gmt":"2021-11-08T22:42:35","guid":{"rendered":"https:\/\/sante-prime.fr\/alimentazione\/"},"modified":"2023-11-09T09:28:15","modified_gmt":"2023-11-09T09:28:15","slug":"alimentazione","status":"publish","type":"page","link":"https:\/\/sante-prime.fr\/it\/alimentazione\/","title":{"rendered":"Alimentazione"},"content":{"rendered":"\t\t<div data-elementor-type=\"wp-page\" data-elementor-id=\"1859\" class=\"elementor elementor-1859 elementor-150\" data-elementor-post-type=\"page\">\n\t\t\t\t\t\t\t\t\t<section class=\"elementor-section elementor-top-section elementor-element elementor-element-faf9ad0 elementor-section-content-middle elementor-section-boxed elementor-section-height-default elementor-section-height-default\" data-id=\"faf9ad0\" data-element_type=\"section\">\n\t\t\t\t\t\t<div class=\"elementor-container elementor-column-gap-default\">\n\t\t\t\t\t<div class=\"elementor-column elementor-col-50 elementor-top-column elementor-element elementor-element-a808b15 elementor-invisible\" data-id=\"a808b15\" data-element_type=\"column\" data-settings=\"{&quot;animation&quot;:&quot;fadeInLeft&quot;}\">\n\t\t\t<div class=\"elementor-widget-wrap elementor-element-populated\">\n\t\t\t\t\t\t\t\t<div class=\"elementor-element elementor-element-98170f9 elementor-widget elementor-widget-image\" data-id=\"98170f9\" data-element_type=\"widget\" data-widget_type=\"image.default\">\n\t\t\t\t<div class=\"elementor-widget-container\">\n\t\t\t<style>\/*! elementor - v3.17.0 - 08-11-2023 *\/\n.elementor-widget-image{text-align:center}.elementor-widget-image a{display:inline-block}.elementor-widget-image a img[src$=\".svg\"]{width:48px}.elementor-widget-image img{vertical-align:middle;display:inline-block}<\/style>\t\t\t\t\t\t\t\t\t\t\t\t<img loading=\"lazy\" decoding=\"async\" width=\"524\" height=\"490\" src=\"https:\/\/sante-prime.fr\/wp-content\/uploads\/2021\/11\/Nutritionicone.png\" class=\"attachment-large size-large wp-image-1545\" alt=\"\" srcset=\"https:\/\/sante-prime.fr\/wp-content\/uploads\/2021\/11\/Nutritionicone.png 524w, https:\/\/sante-prime.fr\/wp-content\/uploads\/2021\/11\/Nutritionicone-300x281.png 300w\" sizes=\"auto, (max-width: 34.9rem) calc(100vw - 2rem), (max-width: 53rem) calc(8 * (100vw \/ 12)), (min-width: 53rem) calc(6 * (100vw \/ 12)), 100vw\" \/>\t\t\t\t\t\t\t\t\t\t\t\t\t\t\t<\/div>\n\t\t\t\t<\/div>\n\t\t\t\t\t<\/div>\n\t\t<\/div>\n\t\t\t\t<div class=\"elementor-column elementor-col-50 elementor-top-column elementor-element elementor-element-a2cab12\" data-id=\"a2cab12\" data-element_type=\"column\">\n\t\t\t<div class=\"elementor-widget-wrap elementor-element-populated\">\n\t\t\t\t\t\t\t\t<div class=\"elementor-element elementor-element-ba5fe50 elementor-invisible elementor-widget elementor-widget-heading\" data-id=\"ba5fe50\" data-element_type=\"widget\" data-settings=\"{&quot;_animation&quot;:&quot;fadeInDown&quot;}\" data-widget_type=\"heading.default\">\n\t\t\t\t<div class=\"elementor-widget-container\">\n\t\t\t<style>\/*! elementor - v3.17.0 - 08-11-2023 *\/\n.elementor-heading-title{padding:0;margin:0;line-height:1}.elementor-widget-heading .elementor-heading-title[class*=elementor-size-]>a{color:inherit;font-size:inherit;line-height:inherit}.elementor-widget-heading .elementor-heading-title.elementor-size-small{font-size:15px}.elementor-widget-heading .elementor-heading-title.elementor-size-medium{font-size:19px}.elementor-widget-heading .elementor-heading-title.elementor-size-large{font-size:29px}.elementor-widget-heading .elementor-heading-title.elementor-size-xl{font-size:39px}.elementor-widget-heading .elementor-heading-title.elementor-size-xxl{font-size:59px}<\/style><h3 class=\"elementor-heading-title elementor-size-default\">CHE COS'\u00c8 LA NUTRIZIONE ARTIFICIALE?<\/h3>\t\t<\/div>\n\t\t\t\t<\/div>\n\t\t\t\t<div class=\"elementor-element elementor-element-e698a5f elementor-widget elementor-widget-text-editor\" data-id=\"e698a5f\" data-element_type=\"widget\" data-widget_type=\"text-editor.default\">\n\t\t\t\t<div class=\"elementor-widget-container\">\n\t\t\t<style>\/*! elementor - v3.17.0 - 08-11-2023 *\/\n.elementor-widget-text-editor.elementor-drop-cap-view-stacked .elementor-drop-cap{background-color:#69727d;color:#fff}.elementor-widget-text-editor.elementor-drop-cap-view-framed .elementor-drop-cap{color:#69727d;border:3px solid;background-color:transparent}.elementor-widget-text-editor:not(.elementor-drop-cap-view-default) .elementor-drop-cap{margin-top:8px}.elementor-widget-text-editor:not(.elementor-drop-cap-view-default) .elementor-drop-cap-letter{width:1em;height:1em}.elementor-widget-text-editor .elementor-drop-cap{float:left;text-align:center;line-height:1;font-size:50px}.elementor-widget-text-editor .elementor-drop-cap-letter{display:inline-block}<\/style>\t\t\t\t<p>Quando l&#8217;apparato digerente non \u00e8 in grado di assorbire i nutrienti essenziali, \u00e8 possibile fornire un&#8217;alimentazione personalizzata e su misura.<br \/>Esistono tre tipi di alimentazione:<\/p>\n<ul>\n<li>integrazione orale<\/li>\n<li>nutrizione enterale<\/li>\n<li>nutrizione parenterale<\/li>\n<\/ul>\n<p>L&#8217;integrazione orale viene somministrata per bocca, a differenza della nutrizione enterale e parenterale, dove le vie di somministrazione sono diverse.<\/p>\n\t\t\t\t\t\t<\/div>\n\t\t\t\t<\/div>\n\t\t\t\t\t<\/div>\n\t\t<\/div>\n\t\t\t\t\t\t\t<\/div>\n\t\t<\/section>\n\t\t\t\t<section class=\"elementor-section elementor-top-section elementor-element elementor-element-869d726 elementor-section-boxed elementor-section-height-default elementor-section-height-default elementor-invisible\" data-id=\"869d726\" data-element_type=\"section\" data-settings=\"{&quot;background_background&quot;:&quot;classic&quot;,&quot;animation&quot;:&quot;fadeInDown&quot;}\">\n\t\t\t\t\t\t<div class=\"elementor-container elementor-column-gap-default\">\n\t\t\t\t\t<div class=\"elementor-column elementor-col-100 elementor-top-column elementor-element elementor-element-4909311\" data-id=\"4909311\" data-element_type=\"column\">\n\t\t\t<div class=\"elementor-widget-wrap elementor-element-populated\">\n\t\t\t\t\t\t\t\t<div class=\"elementor-element elementor-element-6cbebe1 elementor-invisible elementor-widget elementor-widget-heading\" data-id=\"6cbebe1\" data-element_type=\"widget\" data-settings=\"{&quot;_animation&quot;:&quot;fadeInDown&quot;}\" data-widget_type=\"heading.default\">\n\t\t\t\t<div class=\"elementor-widget-container\">\n\t\t\t<h3 class=\"elementor-heading-title elementor-size-default\">INTEGRAZIONE ORALE<\/h3>\t\t<\/div>\n\t\t\t\t<\/div>\n\t\t\t\t<div class=\"elementor-element elementor-element-79ffd6b elementor-widget elementor-widget-text-editor\" data-id=\"79ffd6b\" data-element_type=\"widget\" data-widget_type=\"text-editor.default\">\n\t\t\t\t<div class=\"elementor-widget-container\">\n\t\t\t\t\t\t\t<h3>Quando viene prescritta l&#8217;integrazione orale?<\/h3>\n<p>Gli integratori orali vengono prescritti quando una persona non \u00e8 pi\u00f9 in grado di mangiare correttamente o quando la sua dieta normale non \u00e8 sufficiente a coprire il suo fabbisogno energetico. Questa \u00e8 la prima fase della rinutrizione.<\/p>\n<h3>Il trattamento<\/h3>\n<p>Gli integratori orali sono prodotti alimentari che vengono assunti come integrazione della dieta, non come sostituzione, e la cui composizione \u00e8 adattata alle esigenze specifiche del paziente.<br \/>Gli integratori hanno quindi caratteristiche diverse:<\/p>\n<ul>\n<li>Arricchito con calorie, proteine, vitamine e\/o minerali;<\/li>\n<li>Texture diverse;<\/li>\n<li>Gusti variegati.<\/li>\n<\/ul>\n<h3>La prescrizione<\/h3>\n<p>Gli integratori orali vengono prescritti dal medico quando il tratto digestivo \u00e8 funzionale e il paziente ha una capacit\u00e0 di deglutizione sufficiente.<\/p>\n\t\t\t\t\t\t<\/div>\n\t\t\t\t<\/div>\n\t\t\t\t\t<\/div>\n\t\t<\/div>\n\t\t\t\t\t\t\t<\/div>\n\t\t<\/section>\n\t\t\t\t<section class=\"elementor-section elementor-top-section elementor-element elementor-element-dc05943 elementor-section-content-middle elementor-section-boxed elementor-section-height-default elementor-section-height-default\" data-id=\"dc05943\" data-element_type=\"section\">\n\t\t\t\t\t\t<div class=\"elementor-container elementor-column-gap-default\">\n\t\t\t\t\t<div class=\"elementor-column elementor-col-50 elementor-top-column elementor-element elementor-element-5d656cc\" data-id=\"5d656cc\" data-element_type=\"column\">\n\t\t\t<div class=\"elementor-widget-wrap elementor-element-populated\">\n\t\t\t\t\t\t\t\t<div class=\"elementor-element elementor-element-47352e4 elementor-invisible elementor-widget elementor-widget-heading\" data-id=\"47352e4\" data-element_type=\"widget\" data-settings=\"{&quot;_animation&quot;:&quot;fadeInDown&quot;}\" data-widget_type=\"heading.default\">\n\t\t\t\t<div class=\"elementor-widget-container\">\n\t\t\t<h3 class=\"elementor-heading-title elementor-size-default\">NUTRIZIONE ENTERALE<\/h3>\t\t<\/div>\n\t\t\t\t<\/div>\n\t\t\t\t<div class=\"elementor-element elementor-element-9babaf0 elementor-widget elementor-widget-text-editor\" data-id=\"9babaf0\" data-element_type=\"widget\" data-widget_type=\"text-editor.default\">\n\t\t\t\t<div class=\"elementor-widget-container\">\n\t\t\t\t\t\t\t<h3>Quando viene prescritta la nutrizione enterale?<\/h3>\n<p>Quando l&#8217;alimentazione orale \u00e8 difficile o impossibile, o quando l&#8217;apporto nutrizionale \u00e8 inadeguato, si raccomanda l&#8217;alimentazione enterale. Aiuta a mantenere l&#8217;attivit\u00e0 digestiva e a combattere la malnutrizione e la disidratazione. Questa tecnica di nutrizione artificiale utilizza un tubo collegato allo stomaco o all&#8217;intestino. Aiuta a preservare l&#8217;attivit\u00e0 digestiva.<\/p>\n<h3>Il trattamento<\/h3>\n<p>A seconda della patologia e della durata prevista del trattamento, la nutrizione enterale pu\u00f2 essere somministrata tramite :<\/p>\n<ul>\n<li>Tubo nasogastrico: il tubo passa attraverso il naso e arriva allo stomaco.<\/li>\n<li>La sonda naso-giunale: la sonda passa attraverso il naso nell&#8217;intestino, nel digiuno.<\/li>\n<li>Gastrostomia: il tubo viene inserito attraverso la parete addominale, direttamente nello stomaco.<\/li>\n<li>Jejunostomia: il tubo viene inserito attraverso la parete addominale, direttamente nell&#8217;intestino.<\/li>\n<\/ul>\n\t\t\t\t\t\t<\/div>\n\t\t\t\t<\/div>\n\t\t\t\t\t<\/div>\n\t\t<\/div>\n\t\t\t\t<div class=\"elementor-column elementor-col-50 elementor-top-column elementor-element elementor-element-2c1e7dc elementor-invisible\" data-id=\"2c1e7dc\" data-element_type=\"column\" data-settings=\"{&quot;animation&quot;:&quot;fadeInLeft&quot;,&quot;background_background&quot;:&quot;classic&quot;}\">\n\t\t\t<div class=\"elementor-widget-wrap elementor-element-populated\">\n\t\t\t\t\t\t\t\t<div class=\"elementor-element elementor-element-71c3806 elementor-hidden-desktop elementor-hidden-tablet elementor-widget elementor-widget-image\" data-id=\"71c3806\" data-element_type=\"widget\" data-widget_type=\"image.default\">\n\t\t\t\t<div class=\"elementor-widget-container\">\n\t\t\t\t\t\t\t\t\t\t\t\t\t\t\t<img loading=\"lazy\" decoding=\"async\" width=\"640\" height=\"427\" src=\"https:\/\/sante-prime.fr\/wp-content\/uploads\/2021\/11\/senior-doctor-working-at-the-office-desk-PJJP4UV-1024x683.jpg\" class=\"attachment-large size-large wp-image-1425\" alt=\"\" srcset=\"https:\/\/sante-prime.fr\/wp-content\/uploads\/2021\/11\/senior-doctor-working-at-the-office-desk-PJJP4UV-1024x683.jpg 1024w, https:\/\/sante-prime.fr\/wp-content\/uploads\/2021\/11\/senior-doctor-working-at-the-office-desk-PJJP4UV-300x200.jpg 300w, https:\/\/sante-prime.fr\/wp-content\/uploads\/2021\/11\/senior-doctor-working-at-the-office-desk-PJJP4UV-768x512.jpg 768w, https:\/\/sante-prime.fr\/wp-content\/uploads\/2021\/11\/senior-doctor-working-at-the-office-desk-PJJP4UV-1536x1024.jpg 1536w, https:\/\/sante-prime.fr\/wp-content\/uploads\/2021\/11\/senior-doctor-working-at-the-office-desk-PJJP4UV-1568x1045.jpg 1568w, https:\/\/sante-prime.fr\/wp-content\/uploads\/2021\/11\/senior-doctor-working-at-the-office-desk-PJJP4UV.jpg 1920w\" sizes=\"auto, (max-width: 34.9rem) calc(100vw - 2rem), (max-width: 53rem) calc(8 * (100vw \/ 12)), (min-width: 53rem) calc(6 * (100vw \/ 12)), 100vw\" \/>\t\t\t\t\t\t\t\t\t\t\t\t\t\t\t<\/div>\n\t\t\t\t<\/div>\n\t\t\t\t\t<\/div>\n\t\t<\/div>\n\t\t\t\t\t\t\t<\/div>\n\t\t<\/section>\n\t\t\t\t<section class=\"elementor-section elementor-top-section elementor-element elementor-element-b13833b elementor-reverse-mobile elementor-section-boxed elementor-section-height-default elementor-section-height-default elementor-invisible\" data-id=\"b13833b\" data-element_type=\"section\" data-settings=\"{&quot;background_background&quot;:&quot;classic&quot;,&quot;animation&quot;:&quot;fadeInDown&quot;}\">\n\t\t\t\t\t\t<div class=\"elementor-container elementor-column-gap-default\">\n\t\t\t\t\t<div class=\"elementor-column elementor-col-50 elementor-top-column elementor-element elementor-element-0361287 elementor-invisible\" data-id=\"0361287\" data-element_type=\"column\" data-settings=\"{&quot;animation&quot;:&quot;fadeInLeft&quot;,&quot;background_background&quot;:&quot;classic&quot;}\">\n\t\t\t<div class=\"elementor-widget-wrap elementor-element-populated\">\n\t\t\t\t\t\t\t\t<div class=\"elementor-element elementor-element-db26d88 elementor-hidden-desktop elementor-hidden-tablet elementor-widget elementor-widget-image\" data-id=\"db26d88\" data-element_type=\"widget\" data-widget_type=\"image.default\">\n\t\t\t\t<div class=\"elementor-widget-container\">\n\t\t\t\t\t\t\t\t\t\t\t\t\t\t\t<img loading=\"lazy\" decoding=\"async\" width=\"640\" height=\"427\" src=\"https:\/\/sante-prime.fr\/wp-content\/uploads\/2021\/11\/senior-doctor-working-at-the-office-desk-PJJP4UV-1024x683.jpg\" class=\"attachment-large size-large wp-image-1425\" alt=\"\" srcset=\"https:\/\/sante-prime.fr\/wp-content\/uploads\/2021\/11\/senior-doctor-working-at-the-office-desk-PJJP4UV-1024x683.jpg 1024w, https:\/\/sante-prime.fr\/wp-content\/uploads\/2021\/11\/senior-doctor-working-at-the-office-desk-PJJP4UV-300x200.jpg 300w, https:\/\/sante-prime.fr\/wp-content\/uploads\/2021\/11\/senior-doctor-working-at-the-office-desk-PJJP4UV-768x512.jpg 768w, https:\/\/sante-prime.fr\/wp-content\/uploads\/2021\/11\/senior-doctor-working-at-the-office-desk-PJJP4UV-1536x1024.jpg 1536w, https:\/\/sante-prime.fr\/wp-content\/uploads\/2021\/11\/senior-doctor-working-at-the-office-desk-PJJP4UV-1568x1045.jpg 1568w, https:\/\/sante-prime.fr\/wp-content\/uploads\/2021\/11\/senior-doctor-working-at-the-office-desk-PJJP4UV.jpg 1920w\" sizes=\"auto, (max-width: 34.9rem) calc(100vw - 2rem), (max-width: 53rem) calc(8 * (100vw \/ 12)), (min-width: 53rem) calc(6 * (100vw \/ 12)), 100vw\" \/>\t\t\t\t\t\t\t\t\t\t\t\t\t\t\t<\/div>\n\t\t\t\t<\/div>\n\t\t\t\t\t<\/div>\n\t\t<\/div>\n\t\t\t\t<div class=\"elementor-column elementor-col-50 elementor-top-column elementor-element elementor-element-7896ff4\" data-id=\"7896ff4\" data-element_type=\"column\">\n\t\t\t<div class=\"elementor-widget-wrap elementor-element-populated\">\n\t\t\t\t\t\t\t\t<div class=\"elementor-element elementor-element-ba8114e elementor-invisible elementor-widget elementor-widget-heading\" data-id=\"ba8114e\" data-element_type=\"widget\" data-settings=\"{&quot;_animation&quot;:&quot;fadeInDown&quot;}\" data-widget_type=\"heading.default\">\n\t\t\t\t<div class=\"elementor-widget-container\">\n\t\t\t<h3 class=\"elementor-heading-title elementor-size-default\">NUTRIZIONE PARENTERALE<\/h3>\t\t<\/div>\n\t\t\t\t<\/div>\n\t\t\t\t<div class=\"elementor-element elementor-element-f2d3006 elementor-widget elementor-widget-text-editor\" data-id=\"f2d3006\" data-element_type=\"widget\" data-widget_type=\"text-editor.default\">\n\t\t\t\t<div class=\"elementor-widget-container\">\n\t\t\t\t\t\t\t<h3>Quando viene prescritta la nutrizione parenterale?<\/h3>\n<p>Quando non \u00e8 possibile n\u00e9 l&#8217;integrazione orale n\u00e9 la nutrizione enterale, si pu\u00f2 prendere in considerazione la nutrizione parenterale.<br \/>Questa nutrizione consiste nella somministrazione di una miscela completa di nutrienti attraverso una linea endovenosa centrale, per combattere la malnutrizione e la disidratazione.<br \/>Per beneficiare della nutrizione parenterale domiciliare, questa deve durare almeno 14 giorni.<\/p>\n<p>Questo tipo di alimentazione \u00e8 generalmente indicato:<\/p>\n<ul>\n<li>In caso di insufficienza intestinale<\/li>\n<li>Quando l&#8217;alimentazione orale o enterale diventa complicata<\/li>\n<li>Quando il tratto digestivo diventa meno efficiente o non funzionale<\/li>\n<li>In caso di intolleranza alimentare<\/li>\n<\/ul>\n<h3>Il trattamento<\/h3>\n<p>In base al profilo del paziente, il medico prescrittore sceglie la modalit\u00e0 di somministrazione pi\u00f9 appropriata per ricevere i trattamenti farmacologici.<\/p>\n<p>Esistono diversi metodi di somministrazione:<\/p>\n<ul>\n<li>Camera impiantabile: dispositivo posizionato sotto la pelle e collegato a una linea venosa centrale.<\/li>\n<li>Catetere centrale: dispositivo esterno collegato a una grossa vena.<\/li>\n<li>Picc-Line: dispositivo esterno inserito in una vena periferica, solitamente nel braccio.<\/li>\n<\/ul>\n<p>La nutrizione parenterale pu\u00f2 essere :<\/p>\n<ul>\n<li>Esclusivo, che copre tutte le vostre esigenze<\/li>\n<li>Complementare alla nutrizione orale e\/o enterale<\/li>\n<li>Temporaneo<\/li>\n<li>Finale<\/li>\n<\/ul>\n\t\t\t\t\t\t<\/div>\n\t\t\t\t<\/div>\n\t\t\t\t\t<\/div>\n\t\t<\/div>\n\t\t\t\t\t\t\t<\/div>\n\t\t<\/section>\n\t\t\t\t\t\t\t<\/div>\n\t\t","protected":false},"excerpt":{"rendered":"<p>CHE COS&#8217;\u00c8 LA NUTRIZIONE ARTIFICIALE? Quando l&#8217;apparato digerente non \u00e8 in grado di assorbire i nutrienti essenziali, \u00e8 possibile fornire un&#8217;alimentazione personalizzata e su misura.Esistono tre tipi di alimentazione: integrazione orale nutrizione enterale nutrizione parenterale L&#8217;integrazione orale viene somministrata per bocca, a differenza della nutrizione enterale e parenterale, dove le vie di somministrazione sono diverse. &hellip; <\/p>\n<p class=\"link-more\"><a href=\"https:\/\/sante-prime.fr\/it\/alimentazione\/\" class=\"more-link\">Leggi tutto<span class=\"screen-reader-text\"> &#8220;Alimentazione&#8221;<\/span><\/a><\/p>\n","protected":false},"author":1,"featured_media":0,"parent":0,"menu_order":0,"comment_status":"closed","ping_status":"closed","template":"elementor_header_footer","meta":{"footnotes":""},"class_list":["post-1859","page","type-page","status-publish","hentry","entry"],"_links":{"self":[{"href":"https:\/\/sante-prime.fr\/it\/wp-json\/wp\/v2\/pages\/1859","targetHints":{"allow":["GET"]}}],"collection":[{"href":"https:\/\/sante-prime.fr\/it\/wp-json\/wp\/v2\/pages"}],"about":[{"href":"https:\/\/sante-prime.fr\/it\/wp-json\/wp\/v2\/types\/page"}],"author":[{"embeddable":true,"href":"https:\/\/sante-prime.fr\/it\/wp-json\/wp\/v2\/users\/1"}],"replies":[{"embeddable":true,"href":"https:\/\/sante-prime.fr\/it\/wp-json\/wp\/v2\/comments?post=1859"}],"version-history":[{"count":1,"href":"https:\/\/sante-prime.fr\/it\/wp-json\/wp\/v2\/pages\/1859\/revisions"}],"predecessor-version":[{"id":1879,"href":"https:\/\/sante-prime.fr\/it\/wp-json\/wp\/v2\/pages\/1859\/revisions\/1879"}],"wp:attachment":[{"href":"https:\/\/sante-prime.fr\/it\/wp-json\/wp\/v2\/media?parent=1859"}],"curies":[{"name":"wp","href":"https:\/\/api.w.org\/{rel}","templated":true}]}}